{"id":1219,"date":"2019-12-27T13:16:32","date_gmt":"2019-12-27T13:16:32","guid":{"rendered":"https:\/\/interoffices.com\/disclaimer\/"},"modified":"2020-05-11T15:06:06","modified_gmt":"2020-05-11T15:06:06","slug":"adviso-legal","status":"publish","type":"page","link":"https:\/\/interoffices.com\/es\/adviso-legal\/","title":{"rendered":"Aviso legal"},"content":{"rendered":"<h2>Aviso legal<\/h2>\n<p class=\"p1\">La informaci\u00f3n (como por ejemplo, pero no limitada a textos, im\u00e1genes, enlaces, etc.) en esta p\u00e1gina web\u00a0tiene como \u00fanico objetivo la informaci\u00f3n general. Interoffices hace todos los esfuerzos para asegurar la veracidad de esta informaci\u00f3n, pero\u00a0no puede ser considerado responsable de los da\u00f1os que puedan surgir como resultado de una informaci\u00f3n incorrecta o incompleta. Interoffices se reserva el derecho de hacer cambios o correcciones en cualquier momento, as\u00ed como eliminar toda o parte de la informaci\u00f3n.<\/p>\n<h2 class=\"p1\">Propiedad Intelectual<\/h2>\n<p class=\"p1\">Toda la informaci\u00f3n y materiales ofrecidos (incluyendo texto, im\u00e1genes, informaci\u00f3n, ilustraciones, fotos, dise\u00f1o, iconos, video clips, software, gr\u00e1ficos, guiones, logos y otros materiales que sean parte de la web de Interoffices) son derechos de autor legalmente vinculantes y otros derechos de propiedad intelectual o de otro tipo de Interoffices, de este modo la informaci\u00f3n no puede ser reproducida o comunicada sin previo permiso por escrito de Interoffices. Por lo tanto, todos los derechos de propiedad intelectual aplicables est\u00e1n reservados a Interoffices. Cualquier comunicaci\u00f3n con nosotros ser\u00e1 tratada de manera confidencial. Se aplica la ley belga.<\/p>\n<h2 class=\"p1\">Informaci\u00f3n Interoffices:<\/h2>\n<p class=\"p1\">Interoffices bvba<br \/>\nAvenue des Arts 56, 1000 Brussels<br \/>\nwww.interoffices.com<br \/>\nTel\u00e9fono: +32 (0) 2 431 08 01<br \/>\nIVA &#8211; BE: 0507,698,394<\/p>\n","protected":false},"excerpt":{"rendered":"<p>Aviso legal La informaci\u00f3n (como por ejemplo, pero no limitada a textos, im\u00e1genes, enlaces, etc.) en esta p\u00e1gina web\u00a0tiene como \u00fanico objetivo la informaci\u00f3n general. Interoffices hace todos los esfuerzos para asegurar la veracidad de esta informaci\u00f3n, pero\u00a0no puede ser considerado responsable de los da\u00f1os que puedan surgir como resultado de una informaci\u00f3n incorrecta o [&hellip;]<\/p>\n","protected":false},"author":1,"featured_media":0,"parent":0,"menu_order":0,"comment_status":"closed","ping_status":"closed","template":"","meta":{"_acf_changed":false,"footnotes":""},"class_list":["post-1219","page","type-page","status-publish","hentry"],"acf":[],"_links":{"self":[{"href":"https:\/\/interoffices.com\/es\/wp-json\/wp\/v2\/pages\/1219","targetHints":{"allow":["GET"]}}],"collection":[{"href":"https:\/\/interoffices.com\/es\/wp-json\/wp\/v2\/pages"}],"about":[{"href":"https:\/\/interoffices.com\/es\/wp-json\/wp\/v2\/types\/page"}],"author":[{"embeddable":true,"href":"https:\/\/interoffices.com\/es\/wp-json\/wp\/v2\/users\/1"}],"replies":[{"embeddable":true,"href":"https:\/\/interoffices.com\/es\/wp-json\/wp\/v2\/comments?post=1219"}],"version-history":[{"count":0,"href":"https:\/\/interoffices.com\/es\/wp-json\/wp\/v2\/pages\/1219\/revisions"}],"wp:attachment":[{"href":"https:\/\/interoffices.com\/es\/wp-json\/wp\/v2\/media?parent=1219"}],"curies":[{"name":"wp","href":"https:\/\/api.w.org\/{rel}","templated":true}]}}