{"id":1226,"date":"2019-12-27T13:16:48","date_gmt":"2019-12-27T13:16:48","guid":{"rendered":"https:\/\/interoffices.com\/privacy-policy\/"},"modified":"2020-06-08T13:12:51","modified_gmt":"2020-06-08T13:12:51","slug":"politica-de-privacidad","status":"publish","type":"page","link":"https:\/\/interoffices.com\/es\/politica-de-privacidad\/","title":{"rendered":"Pol\u00edtica de Privacidad"},"content":{"rendered":"<p><span class=\"custom-style-h2\"><span class=\"custom-style-h1\"><strong>Cuerpo responsable del manejo de informaci\u00f3n<\/strong><\/span><\/span><\/p>\n<p>La informaci\u00f3n est\u00e1 manejada por Interoffices BVBA \u00a0(BE0507698394)<\/p>\n<p><em>Para contactarnos :<\/em><\/p>\n<p>Direcci\u00f3n legal: \u00a0\u00a0\u00a0 Kunstlaan 56, 1000 Brussels<\/p>\n<p>Email :\u00a0 \u00a0 \u00a0 \u00a0 \u00a0 \u00a0 \u00a0 \u00a0 \u00a0&#x69;&#110;&#x66;&#x6f;&#64;&#x69;&#x6e;&#116;&#x65;&#x72;&#111;&#x66;&#x66;&#105;&#x63;&#x65;&#115;&#x2e;&#x63;&#111;&#x6d;<\/p>\n<p>Tel\u00e9fono:\u00a0 \u00a0 \u00a0 \u00a0 \u00a0 \u00a0 \u00a0 \u00a0 \u00a0 \u00a0 +32 (0) 243 108 01<\/p>\n<p>&nbsp;<\/p>\n<p><span class=\"custom-style-h3\"><span class=\"custom-style-h2\"><strong>\u00bfA\u00a0qui\u00e9n est\u00e1 dirigida nuestra pol\u00edtica de privacidad de datos?<\/strong><\/span><\/span><\/p>\n<p>Esta pol\u00edtica se aplica a:<\/p>\n<p>\u2022 \u00a0 Clientes que han comprado uno o m\u00e1s productos de Interoffices (Alquiler de oficinas privadas, membres\u00eda de Coworking, registro de la Oficina Registrada, Oficina virtual) (en adelante &#8220;clientes&#8221;)<\/p>\n<p>\u2022\u00a0\u00a0\u00a0\u00a0 Visitantes de nuestras ubicaciones<\/p>\n<p>\u2022\u00a0\u00a0\u00a0\u00a0 Visitantes de nuestra p\u00e1gina web que aceptan nuestra pol\u00edtica de cookies<\/p>\n<p>\u2022 \u00a0 \u00a0 Nuestros expertos y socios de negocios<\/p>\n<p>\u2022 \u00a0 \u00a0 Personas buscadas por nosotros o que expresan inter\u00e9s en nuestros productos o servicios<\/p>\n<p>\u2022 \u00a0 \u00a0 Personas que han tenido alguna de estas posiciones en el pasado<\/p>\n<p>&nbsp;<\/p>\n<p><span class=\"custom-style-h3\"><strong>\u00bfQu\u00e9 tipos de datos manejamos?<\/strong><\/span><\/p>\n<p>Podr\u00edamos manejar los siguientes tipos de datos, dependiendo de nuestra relaci\u00f3n contigo:<\/p>\n<p>\u2022 \u00a0 \u00a0 Nombre, apellidos, sexo<\/p>\n<p>\u2022 \u00a0 \u00a0 Direcci\u00f3n postal, n\u00famero de tel\u00e9fono fijo\/y o m\u00f3vil, direcci\u00f3n de email<\/p>\n<p>\u2022 \u00a0 \u00a0 Si eres un profesional: Los detalles de contacto de tu empresa (direcci\u00f3n postal, n\u00famero de tel\u00e9fono fijo y\/o m\u00f3vil, direcci\u00f3n de email, direcci\u00f3n de facturaci\u00f3n), los n\u00fameros de registro y de IVA de tu empresa<\/p>\n<p>\u2022\u00a0\u00a0\u00a0\u00a0 Verificaci\u00f3n del KBO (https:\/\/kbopub.economie.fgov.be\/kbopub\/<br \/>\nzoeknummerform.html?lang=en)<\/p>\n<p>\u2022 \u00a0 \u00a0 La informaci\u00f3n recolectada cuando el Usuario se registra en la Web y: nombre completo, intereses de productos, direcci\u00f3n email, n\u00famero de tel\u00e9fono, fecha y hora de la visita, comentarios y ubicaciones de inter\u00e9s<\/p>\n<p>\u2022 \u00a0 \u00a0 Cualquier informaci\u00f3n intercambiada entre INTEROFFICES y el Usuario, incluyendo email o tel\u00e9fono, sobre el cumplimiento de servicios o contratos;<\/p>\n<p>\u2022 \u00a0 \u00a0 El tipo de relaci\u00f3n\/estado que tienes con nosotros (ver arriba)<\/p>\n<p>\u2022 \u00a0 \u00a0 Los productos y servicios en los cuales has expresado inter\u00e9s o por los cuales has solicitado un presupuesto<\/p>\n<p>\u2022 \u00a0 \u00a0 Los productos y servicios que has comprado y la informaci\u00f3n relativa al contrato<\/p>\n<p>\u2022 \u00a0 \u00a0 Las Newsletters a las que te hayas suscrito<\/p>\n<p>\u2022 \u00a0 \u00a0 La fecha en la que la informaci\u00f3n fue grabada y la fuente<br \/>\n<span class=\"custom-style-h3\"><strong>Informaci\u00f3n\u00a0proveniente de terceras partes<\/strong><strong>!<\/strong><\/span><br \/>\nPodr\u00edamos tambi\u00e9n utilizar informaci\u00f3n proporcionada por socios externos o proveedores de datos para contactarte por razones de prospecci\u00f3n. Adicionalmente, podr\u00edamos usar informaci\u00f3n de terceras partes para corregir, completar o actualizar tus detalles personales o para elaborar perfiles de marketing.<\/p>\n<p>Si eres contactado por Interoffices dentro del marco de una operaci\u00f3n comercial, y en caso de que no nos hayas comunicado tus detalles personales, siempre puedes contactar con nosotros para saber de qu\u00e9 socio externo hemos recibido tus detalles personales.<br \/>\n<span class=\"custom-style-h3\"><strong>\u00bfCon qu\u00e9 objetivos utilizamos tus detalles personales y cu\u00e1l es la base legal para utilizarlos?<\/strong><\/span><\/p>\n<p>Con tu autorizaci\u00f3n (base legal: art\u00edculo 6\u00ba de la regulaci\u00f3n de la vida privada), usamos tus datos particularmente para los siguientes prop\u00f3sitos:<\/p>\n<p>\u2022 \u00a0 \u00a0 Cuando nos haces preguntas a trav\u00e9s de nuestra web o trav\u00e9s del m\u00f3dulo de chat online.<\/p>\n<p>\u2022 \u00a0 \u00a0 Para enviarte newsletters a las cuales tu te has suscrito.<\/p>\n<p>\u2022 \u00a0 \u00a0 Para enviarte material de marketing directo v\u00eda email (o cualquier otro canal para el que la ley requiera que obtengamos tu consentimiento)<br \/>\n\u2022 \u00a0 \u00a0 Para enviarte newsletters o otra comunicaci\u00f3n de marketing directa bas\u00e1ndonos en tu consentimiento impl\u00edcito si eres un cliente existente y nos has comunicado tu direcci\u00f3n email.<\/p>\n<p>Cualquier consentimiento puede ser retirado en cualquier momento contact\u00e1ndonos de acuerdo al procedimiento establecido en el p\u00e1rrafo \u2018ejercitando tus derechos\u2019.<\/p>\n<p>En el marco de la solicitud de propuestas o en la ejecuci\u00f3n de tu contrato (base jur\u00eddica: art\u00edculo 6b del reglamento sobre la vida privada), utilizamos sus datos en particular para los siguientes fines:<\/p>\n<p>&nbsp;<\/p>\n<p>\u2022 \u00a0 \u00a0 Para hacerte una proposici\u00f3n de contrato, concluir, ejecutar y monitorizar contrato(s) concluidos contigo (gesti\u00f3n contratos)<\/p>\n<p>\u2022 \u00a0 \u00a0 Para gestionar eventos internos o externos en los t\u00fa puedas participar como cliente, visitante, expositor, patrocinador, orador, experto o socio.<\/p>\n<p>\u2022 \u00a0 \u00a0 Por razones de seguridad<\/p>\n<p>\u2022 \u00a0 Para la gesti\u00f3n de la contabilidad, las disputas, los fraudes y los procedimientos legales, el cobro o la transferencia de deudas y la protecci\u00f3n de nuestros derechos en general.<\/p>\n<p>Cuando tengamos un inter\u00e9s legitimado, dentro del contexto de nuestras actividades de marketing. En este caso, siempre tendremos cuidados de conseguir un equilibrio con respecto a tu vida privada (base legal: art\u00edculo 6f de la regulaci\u00f3n de la vida privada), utilizamos tus datos en particular para los siguiente prop\u00f3sitos:<\/p>\n<p>&nbsp;<\/p>\n<p>\u2022 \u00a0 \u00a0 Con el fin de contactarte para los prop\u00f3sitos de marketing de nuestros productos y servicios, potencialmente en base a tu perfil de marketing<\/p>\n<p>\u2022 \u00a0 \u00a0 Para llevar a cabo estudios, tests y an\u00e1lisis (incluyendo estudios de clientes o de mercado) con vista a mejorar nuestros productos, nuestros procedimientos internos y nuestro servicio en general<\/p>\n<p>\u2022 \u00a0 \u00a0 Con el fin de elaborar un an\u00e1lisis estad\u00edstico o de tendencias con razones financieras o de gesti\u00f3n de marketing o informes<\/p>\n<p>\u2022 \u00a0 \u00a0 Con el fin de prevenir o combatir cualquier fraude o infracci\u00f3n.<\/p>\n<p>Para cumplir con las obligaciones legales vigentes a las que estamos sujetos (base legal: art\u00edculo 6c del reglamento sobre la vida privada)<br \/>\nEn ciertos casos, tambi\u00e9n estamos sujetos a obligaciones legales que imponen el tratamiento y\/o la transmisi\u00f3n de determinados elementos de los datos personales a las administraciones o instituciones seg\u00fan lo establecido por la ley.<\/p>\n<p>&nbsp;<\/p>\n<p><span class=\"custom-style-h3\"><span class=\"custom-style-h2\"><strong>\u00bfPuede ser tu informaci\u00f3n personal pasada a terceras personas?<\/strong><\/span><\/span><\/p>\n<p>&nbsp;<\/p>\n<p>Tu informaci\u00f3n personal puede\u00a0ser transmitida a terceros en los siguientes casos:<\/p>\n<p>&nbsp;<\/p>\n<p>\u2022 A nuestros subcontratistas en el marco de los servicios realizados en nuestro nombre (por ejemplo, centros de llamadas externas, agencias de publicidad, proveedores de servicios de informaci\u00f3n, nubes) y s\u00f3lo seg\u00fan nuestras instrucciones.<\/p>\n<p><em><u>Transferencia de informaci\u00f3n fuera de la Uni\u00f3n Europea.<\/u><\/em><\/p>\n<p>Si te encuentras en Europa, tu informaci\u00f3n no ser\u00e1 transferida fuera de la Uni\u00f3n Europea.<\/p>\n<p>&nbsp;<\/p>\n<p><span class=\"custom-style-h3\"><strong>\u00bfCu\u00e1nto tiempo conservamos tu informaci\u00f3n?<\/strong><\/span><\/p>\n<table border=\"1\" width=\"482\" cellspacing=\"0\" cellpadding=\"0\">\n<tbody>\n<tr>\n<td>Prospectos<\/td>\n<td>3 a\u00f1os desde la fecha de tu registrado en nuestra base de datos<\/td>\n<\/tr>\n<tr>\n<td>Clientes<\/td>\n<td>10 a\u00f1os siguientes a tu \u00faltima compra<\/td>\n<\/tr>\n<tr>\n<td>Visitantes a eventos<\/td>\n<td>10 a\u00f1os siguientes a tu \u00faltima visita<\/td>\n<\/tr>\n<tr>\n<td>Expositores y\/o sponsors<\/td>\n<td>10 a\u00f1os siguientes a tu \u00faltima participaci\u00f3n<\/td>\n<\/tr>\n<tr>\n<td>Oradores, expertos, socios<\/td>\n<td>Tus detalles se mantendr\u00e1n grabados en nuestra base de datos mientras continues ejercitando la funci\u00f3n en la que se te registr\u00f3<\/td>\n<\/tr>\n<\/tbody>\n<\/table>\n<p>&nbsp;<\/p>\n<table border=\"1\" width=\"482\" cellspacing=\"0\" cellpadding=\"0\">\n<tbody>\n<tr>\n<td>Lectores de nuestras newsletters<\/td>\n<td>3 a\u00f1os despu\u00e9s de la \u00faltima vez que abriste la newsletter O 3 a\u00f1os despu\u00e9s de la fecha en la que te suscribiste a nuestra newsletter<\/td>\n<\/tr>\n<\/tbody>\n<\/table>\n<p>&nbsp;<\/p>\n<p><span class=\"custom-style-h3\"><strong>\u00bfC\u00f3mo protegemos tu informaci\u00f3n?<\/strong><\/span><\/p>\n<p>&nbsp;<\/p>\n<p>Tu informaci\u00f3n es manejada con total confidencialidad. Tomamos todas las medidas t\u00e9cnicas y organizacionales para asegurar la seguridad de tus datos.<\/p>\n<p>&nbsp;<\/p>\n<p><span class=\"custom-style-h3\"><strong>\u00bfCu\u00e1les son tus derechos? \u00bfC\u00f3mo puedes ejercitarlos?<\/strong><\/span><\/p>\n<p>&nbsp;<\/p>\n<p>De acuerdo con la legislaci\u00f3n de la vida privada, tienes derecho a acceder y a corregir tu informaci\u00f3n.<\/p>\n<p>Tambi\u00e9n tienes derecho a pedir ser olvidado, en los casos en los que lo establezca la ley.<\/p>\n<p>&nbsp;<\/p>\n<p>En caso de disputa en relaci\u00f3n al manejo de tus datos, puedes pedirnos la suspensi\u00f3n del manejo de tus datos hasta que la disputa sea resuelta.<\/p>\n<p>Finalmente, tienes derecho a la portabilidad de tus datos.<\/p>\n<p>&nbsp;<\/p>\n<p><span class=\"custom-style-h3\"><strong>Tu derecho de\u00a0<\/strong><\/span><b>objeci\u00f3n:<\/b><\/p>\n<p>En cualquier momento y sin necesidad de justificaci\u00f3n, tienes derecho a la objeci\u00f3n del uso de tus datos con prop\u00f3sitos de marketing directo y el uso de perfiles de marketing basados en tus datos. Tambi\u00e9n tienes el derecho de objeci\u00f3n al traspaso de tus datos a terceras personas con los mismos prop\u00f3sitos de marketing directo.<\/p>\n<p>&nbsp;<\/p>\n<p><span class=\"custom-style-h3\"><strong>Para ejercitar estos derechos:<\/strong><\/span><\/p>\n<p>Debes mandarnos una solicitud escrita, junto con una prueba de tu identidad, a la siguiente direcci\u00f3n: Interoffices bvba, Avenue des Arts 56, 1000 Brussels, Belgium o por email:&#x69;&#x6e;&#x66;&#111;&#64;&#105;nt&#x65;&#x72;&#x6f;&#x66;&#102;&#105;ce&#x73;&#x2e;&#x63;&#x6f;&#109;<\/p>\n<p>&nbsp;<\/p>\n<p>Tambi\u00e9n puede recurrir a la Comisi\u00f3n para la Protecci\u00f3n de la Vida Privada en esta direcci\u00f3n:<\/p>\n<p>&nbsp;<\/p>\n<p>Direcci\u00f3n: Tel\u00e9fono: Email:<\/p>\n<p>Postal box 4, Brussels, 37, 1000 Brussels +32 (0) 243 108 01\u00a0<a href=\"&#x6d;&#x61;&#x69;&#x6c;&#116;&#111;&#58;&#99;omm&#x69;&#x73;&#x73;&#x69;&#x6f;&#110;&#64;&#112;riv&#x61;&#x63;&#x79;&#x2e;&#x66;&#103;&#111;&#118;&#46;be\">&#x63;&#x6f;&#109;m&#x69;&#x73;&#115;io&#x6e;&#x40;&#112;r&#x69;&#x76;&#97;&#99;y&#x2e;&#x66;&#103;o&#x76;&#x2e;&#98;&#101;<\/a><\/p>\n<p>&nbsp;<\/p>\n<p>El equipo de Interoffices.<\/p>\n","protected":false},"excerpt":{"rendered":"<p>Cuerpo responsable del manejo de informaci\u00f3n La informaci\u00f3n est\u00e1 manejada por Interoffices BVBA \u00a0(BE0507698394) Para contactarnos : Direcci\u00f3n legal: \u00a0\u00a0\u00a0 Kunstlaan 56, 1000 Brussels Email :\u00a0 \u00a0 \u00a0 \u00a0 \u00a0 \u00a0 \u00a0 \u00a0 \u00a0&#105;&#x6e;&#102;&#x6f;&#64;&#x69;n&#x74;e&#114;&#x6f;&#102;&#x66;&#105;&#x63;&#101;&#x73;&#46;&#x63;o&#x6d; Tel\u00e9fono:\u00a0 \u00a0 \u00a0 \u00a0 \u00a0 \u00a0 \u00a0 \u00a0 \u00a0 \u00a0 +32 (0) 243 108 01 &nbsp; \u00bfA\u00a0qui\u00e9n est\u00e1 dirigida nuestra pol\u00edtica [&hellip;]<\/p>\n","protected":false},"author":1,"featured_media":0,"parent":0,"menu_order":0,"comment_status":"closed","ping_status":"closed","template":"","meta":{"_acf_changed":false,"footnotes":""},"class_list":["post-1226","page","type-page","status-publish","hentry"],"acf":[],"_links":{"self":[{"href":"https:\/\/interoffices.com\/es\/wp-json\/wp\/v2\/pages\/1226","targetHints":{"allow":["GET"]}}],"collection":[{"href":"https:\/\/interoffices.com\/es\/wp-json\/wp\/v2\/pages"}],"about":[{"href":"https:\/\/interoffices.com\/es\/wp-json\/wp\/v2\/types\/page"}],"author":[{"embeddable":true,"href":"https:\/\/interoffices.com\/es\/wp-json\/wp\/v2\/users\/1"}],"replies":[{"embeddable":true,"href":"https:\/\/interoffices.com\/es\/wp-json\/wp\/v2\/comments?post=1226"}],"version-history":[{"count":0,"href":"https:\/\/interoffices.com\/es\/wp-json\/wp\/v2\/pages\/1226\/revisions"}],"wp:attachment":[{"href":"https:\/\/interoffices.com\/es\/wp-json\/wp\/v2\/media?parent=1226"}],"curies":[{"name":"wp","href":"https:\/\/api.w.org\/{rel}","templated":true}]}}