{"id":18155,"date":"2025-08-10T18:53:24","date_gmt":"2025-08-10T18:53:24","guid":{"rendered":"https:\/\/interoffices.com\/?page_id=18155"},"modified":"2025-08-21T23:22:14","modified_gmt":"2025-08-21T23:22:14","slug":"salles-de-reunion","status":"publish","type":"page","link":"https:\/\/interoffices.com\/fr\/produits\/salles-de-reunion\/","title":{"rendered":"Les salles de r\u00e9union enti\u00e8rement \u00e9quip\u00e9es d&#8217;Interoffices sont id\u00e9ales pour votre prochain \u00e9v\u00e9nement."},"content":{"rendered":"","protected":false},"excerpt":{"rendered":"","protected":false},"author":15,"featured_media":0,"parent":1123,"menu_order":0,"comment_status":"closed","ping_status":"closed","template":"templates\/page-office-type-landing-page.php","meta":{"_acf_changed":false,"footnotes":""},"class_list":["post-18155","page","type-page","status-publish","hentry"],"acf":[],"_links":{"self":[{"href":"https:\/\/interoffices.com\/fr\/wp-json\/wp\/v2\/pages\/18155","targetHints":{"allow":["GET"]}}],"collection":[{"href":"https:\/\/interoffices.com\/fr\/wp-json\/wp\/v2\/pages"}],"about":[{"href":"https:\/\/interoffices.com\/fr\/wp-json\/wp\/v2\/types\/page"}],"author":[{"embeddable":true,"href":"https:\/\/interoffices.com\/fr\/wp-json\/wp\/v2\/users\/15"}],"replies":[{"embeddable":true,"href":"https:\/\/interoffices.com\/fr\/wp-json\/wp\/v2\/comments?post=18155"}],"version-history":[{"count":3,"href":"https:\/\/interoffices.com\/fr\/wp-json\/wp\/v2\/pages\/18155\/revisions"}],"predecessor-version":[{"id":18285,"href":"https:\/\/interoffices.com\/fr\/wp-json\/wp\/v2\/pages\/18155\/revisions\/18285"}],"up":[{"embeddable":true,"href":"https:\/\/interoffices.com\/fr\/wp-json\/wp\/v2\/pages\/1123"}],"wp:attachment":[{"href":"https:\/\/interoffices.com\/fr\/wp-json\/wp\/v2\/media?parent=18155"}],"curies":[{"name":"wp","href":"https:\/\/api.w.org\/{rel}","templated":true}]}}